{"id":729,"date":"2024-06-11T12:06:26","date_gmt":"2024-06-11T10:06:26","guid":{"rendered":"https:\/\/zarzarzar.com\/?page_id=729"},"modified":"2026-03-19T16:03:57","modified_gmt":"2026-03-19T15:03:57","slug":"about","status":"publish","type":"page","link":"https:\/\/zarzarzar.com\/en\/about\/","title":{"rendered":"About"},"content":{"rendered":"\n<div id=\"goa-block_69bc105c4fb96\" class=\"goa\">\n\n  <div class=\"goa__inner container\">\n\n    \n<div\n  class=\"asset goa__asset\"\n  data-asset\n    >\n\n  \n    <video\n      class=\"asset__video \"\n              autoplay\n        muted\n            loop playsinline\n      poster=\"\">\n      <source src=\"https:\/\/zarzarzar.com\/wp-content\/uploads\/2024\/06\/zar_map.mp4\" type=\"video\/mp4\">\n    <\/video>\n\n      \n  \n<\/div>\n\n  <\/div>\n\n<\/div>\n\n\n\n\n<style>\n      #full-text-block_69bc105c5207e {\n            background-color: #ffffff;\n                  color: #000000;\n          }\n  <\/style>\n\n<div id=\"full-text-block_69bc105c5207e\" class=\"pt-86 pb-86 full-text fs-22 lh-1-1 fs-dt-35 \n  \">\n\n  <div class=\"container container--no-mw grid\">\n    <div class=\"full-text__text wysiwyg full-text__text--narrow\">\n      <p>\u017bAR \u2013 a place by the sea.<\/p>\n<p><span data-sheets-root=\"1\">\u017bar is a place in constant transformation, shaped over decades. Once a monastic farm and later a state-run enterprise, it is now a carefully revitalized estate \u2014 16 hectares of historic buildings surrounded by both wild and tamed nature.<\/span><\/p>\n    <\/div>\n  <\/div>\n  \n  \n<\/div>\n\n\n\n<style>\n      #full-text-block_69bc105c520f7 {\n            background-color: #ffffff;\n                  color: #000000;\n          }\n  <\/style>\n\n<div id=\"full-text-block_69bc105c520f7\" class=\"pt-86 pb-86 full-text font-serif fs-20 lh-1-1 fs-dt-35 \n  \">\n\n  <div class=\"container container--no-mw grid\">\n    <div class=\"full-text__text wysiwyg full-text__text--narrow\">\n      <p>Located right by Lake \u017barnowieckie, 6 km from the wild beaches of Bia\u0142og\u00f3ra and D\u0119bki \u2014 \u017bar is an enclave of peace and contemplation, a place for fun and relaxation.<\/p>\n<p>It is also a place where one can live.<\/p>\n<p>Since 2021, Aga Beaupr\u00e9 and Stanis\u0142aw Wardy\u0144ski have been developing the concept for revitalising the entire farmstead. \u017bAR is to become an extraordinary place whose gradual transformation is guided by the mission to create a shared space for people, art and nature.<\/p>\n    <\/div>\n  <\/div>\n  \n  \n<\/div>\n\n\n  <div id=\"assets-set-block_69bc105c52119\" class=\"assets-set mt-100 mb-100 mt-dt-86 mb-dt-130\">\n    <div class=\"assets-set__zar\" data-zar>\n    <sp-lide\n      data-auto-scroll=\"1\"\n      class=\"splide text-marquee__slider\"\n      data-splide='{\n        \"type\": \"loop\",\n        \"autoWidth\": true,\n        \"gap\": \"0.75rem\",\n        \"focus\": \"center\",\n        \"pagination\": false,\n        \"arrows\": false,\n        \"drag\": \"free\",\n        \"autoScroll\": {\n          \"speed\": 2\n        },\n        \"mediaQuery\": \"min\",\n        \"breakpoints\": {\n          \"1180\": {\n            \"gap\": \"1rem\"\n          }\n        }\n      }'>\n        <div class=\"splide__track\">\n\n          <ul class=\"splide__list unstyled-list text-marquee__list\">\n\n            <li class=\"splide__slide text-marquee__item fs-18 fs-dt-26\">\n              <svg xmlns=\"http:\/\/www.w3.org\/2000\/svg\" width=\"1393\" height=\"446\" viewBox=\"0 0 1393 446\" fill=\"none\">\n\t\t\t\t<path style=\"fill:#000;stroke-width:0px\" fill-rule=\"evenodd\" clip-rule=\"evenodd\" d=\"M980.416 24.1075V446H1046.87V236.862L1298.16 445.396L1382.73 446L1127.21 233.246H1281.24C1357.36 233.246 1393 198.891 1393 127.169C1393 57.255 1357.96 24.1075 1281.24 24.1075H980.416ZM1046.87 192.263V66.298H1229.9C1295.14 66.298 1320.51 83.1736 1320.51 126.568C1320.51 166.344 1301.18 192.263 1229.9 192.263H1046.87ZM592.76 301.352L689.413 124.76L795.731 301.352H592.76ZM883.321 446H958.229L702.098 10.2442L465.301 446H513.626L569.678 343.539H821.279L883.321 446ZM448.224 403.81V446H0L310.494 65.6943H12.0828V23.5038H173.975C173.975 36.7634 185.453 48.2151 198.137 48.2151C211.427 48.2151 222.3 36.7634 222.3 23.5038H422.249V34.9555L120.21 403.81H448.224ZM173.975 23.5038H222.3C222.3 10.8479 211.427 0 198.137 0C185.453 0 173.975 10.8479 173.975 23.5038Z\" \/>\n\t\t\t<\/svg>\n\n            <\/li>\n\n            <li class=\"splide__slide text-marquee__item fs-18 fs-dt-26\">\n              <svg xmlns=\"http:\/\/www.w3.org\/2000\/svg\" width=\"1393\" height=\"446\" viewBox=\"0 0 1393 446\" fill=\"none\">\n\t\t\t\t<path style=\"fill:#000;stroke-width:0px\" fill-rule=\"evenodd\" clip-rule=\"evenodd\" d=\"M980.416 24.1075V446H1046.87V236.862L1298.16 445.396L1382.73 446L1127.21 233.246H1281.24C1357.36 233.246 1393 198.891 1393 127.169C1393 57.255 1357.96 24.1075 1281.24 24.1075H980.416ZM1046.87 192.263V66.298H1229.9C1295.14 66.298 1320.51 83.1736 1320.51 126.568C1320.51 166.344 1301.18 192.263 1229.9 192.263H1046.87ZM592.76 301.352L689.413 124.76L795.731 301.352H592.76ZM883.321 446H958.229L702.098 10.2442L465.301 446H513.626L569.678 343.539H821.279L883.321 446ZM448.224 403.81V446H0L310.494 65.6943H12.0828V23.5038H173.975C173.975 36.7634 185.453 48.2151 198.137 48.2151C211.427 48.2151 222.3 36.7634 222.3 23.5038H422.249V34.9555L120.21 403.81H448.224ZM173.975 23.5038H222.3C222.3 10.8479 211.427 0 198.137 0C185.453 0 173.975 10.8479 173.975 23.5038Z\" \/>\n\t\t\t<\/svg>\n            <\/li>\n\n            <li class=\"splide__slide text-marquee__item fs-18 fs-dt-26\">\n              <svg xmlns=\"http:\/\/www.w3.org\/2000\/svg\" width=\"1393\" height=\"446\" viewBox=\"0 0 1393 446\" fill=\"none\">\n\t\t\t\t<path style=\"fill:#000;stroke-width:0px\" fill-rule=\"evenodd\" clip-rule=\"evenodd\" d=\"M980.416 24.1075V446H1046.87V236.862L1298.16 445.396L1382.73 446L1127.21 233.246H1281.24C1357.36 233.246 1393 198.891 1393 127.169C1393 57.255 1357.96 24.1075 1281.24 24.1075H980.416ZM1046.87 192.263V66.298H1229.9C1295.14 66.298 1320.51 83.1736 1320.51 126.568C1320.51 166.344 1301.18 192.263 1229.9 192.263H1046.87ZM592.76 301.352L689.413 124.76L795.731 301.352H592.76ZM883.321 446H958.229L702.098 10.2442L465.301 446H513.626L569.678 343.539H821.279L883.321 446ZM448.224 403.81V446H0L310.494 65.6943H12.0828V23.5038H173.975C173.975 36.7634 185.453 48.2151 198.137 48.2151C211.427 48.2151 222.3 36.7634 222.3 23.5038H422.249V34.9555L120.21 403.81H448.224ZM173.975 23.5038H222.3C222.3 10.8479 211.427 0 198.137 0C185.453 0 173.975 10.8479 173.975 23.5038Z\" \/>\n\t\t\t<\/svg>\n            <\/li>\n\n            <li class=\"splide__slide text-marquee__item fs-18 fs-dt-26\">\n              <svg xmlns=\"http:\/\/www.w3.org\/2000\/svg\" width=\"1393\" height=\"446\" viewBox=\"0 0 1393 446\" fill=\"none\">\n\t\t\t\t<path style=\"fill:#000;stroke-width:0px\" fill-rule=\"evenodd\" clip-rule=\"evenodd\" d=\"M980.416 24.1075V446H1046.87V236.862L1298.16 445.396L1382.73 446L1127.21 233.246H1281.24C1357.36 233.246 1393 198.891 1393 127.169C1393 57.255 1357.96 24.1075 1281.24 24.1075H980.416ZM1046.87 192.263V66.298H1229.9C1295.14 66.298 1320.51 83.1736 1320.51 126.568C1320.51 166.344 1301.18 192.263 1229.9 192.263H1046.87ZM592.76 301.352L689.413 124.76L795.731 301.352H592.76ZM883.321 446H958.229L702.098 10.2442L465.301 446H513.626L569.678 343.539H821.279L883.321 446ZM448.224 403.81V446H0L310.494 65.6943H12.0828V23.5038H173.975C173.975 36.7634 185.453 48.2151 198.137 48.2151C211.427 48.2151 222.3 36.7634 222.3 23.5038H422.249V34.9555L120.21 403.81H448.224ZM173.975 23.5038H222.3C222.3 10.8479 211.427 0 198.137 0C185.453 0 173.975 10.8479 173.975 23.5038Z\" \/>\n\t\t\t<\/svg>\n            <\/li>\n\n            <li class=\"splide__slide text-marquee__item fs-18 fs-dt-26\">\n              <svg xmlns=\"http:\/\/www.w3.org\/2000\/svg\" width=\"1393\" height=\"446\" viewBox=\"0 0 1393 446\" fill=\"none\">\n\t\t\t\t<path style=\"fill:#000;stroke-width:0px\" fill-rule=\"evenodd\" clip-rule=\"evenodd\" d=\"M980.416 24.1075V446H1046.87V236.862L1298.16 445.396L1382.73 446L1127.21 233.246H1281.24C1357.36 233.246 1393 198.891 1393 127.169C1393 57.255 1357.96 24.1075 1281.24 24.1075H980.416ZM1046.87 192.263V66.298H1229.9C1295.14 66.298 1320.51 83.1736 1320.51 126.568C1320.51 166.344 1301.18 192.263 1229.9 192.263H1046.87ZM592.76 301.352L689.413 124.76L795.731 301.352H592.76ZM883.321 446H958.229L702.098 10.2442L465.301 446H513.626L569.678 343.539H821.279L883.321 446ZM448.224 403.81V446H0L310.494 65.6943H12.0828V23.5038H173.975C173.975 36.7634 185.453 48.2151 198.137 48.2151C211.427 48.2151 222.3 36.7634 222.3 23.5038H422.249V34.9555L120.21 403.81H448.224ZM173.975 23.5038H222.3C222.3 10.8479 211.427 0 198.137 0C185.453 0 173.975 10.8479 173.975 23.5038Z\" \/>\n\t\t\t<\/svg>\n            <\/li>\n\n          <\/ul>\n\n        <\/div>\n\n      <\/sp-lide>\n    <\/div>\n    <div class=\"assets-set__container container container--no-mw\" data-assets>\n      <div class=\"assets-set__grid grid\">\n\n        \n          \n<div\n  class=\"asset assets-set__asset assets-set__asset--1\"\n  data-asset\n    >\n\n  <img loading=\"lazy\" decoding=\"async\" width=\"2322\" height=\"2560\" src=\"https:\/\/zarzarzar.com\/wp-content\/uploads\/2024\/06\/P1160800-scaled.jpg\" class=\"asset__image\" alt=\"\" srcset=\"https:\/\/zarzarzar.com\/wp-content\/uploads\/2024\/06\/P1160800-scaled.jpg 2322w, https:\/\/zarzarzar.com\/wp-content\/uploads\/2024\/06\/P1160800-871x960.jpg 871w, https:\/\/zarzarzar.com\/wp-content\/uploads\/2024\/06\/P1160800-1306x1440.jpg 1306w, https:\/\/zarzarzar.com\/wp-content\/uploads\/2024\/06\/P1160800-490x540.jpg 490w, https:\/\/zarzarzar.com\/wp-content\/uploads\/2024\/06\/P1160800-768x847.jpg 768w, https:\/\/zarzarzar.com\/wp-content\/uploads\/2024\/06\/P1160800-1393x1536.jpg 1393w, https:\/\/zarzarzar.com\/wp-content\/uploads\/2024\/06\/P1160800-1858x2048.jpg 1858w\" sizes=\"auto, (max-width: 2322px) 100vw, 2322px\" \/>\n<\/div>\n\n          \n<div\n  class=\"asset assets-set__asset assets-set__asset--2\"\n  data-asset\n    >\n\n  <img loading=\"lazy\" decoding=\"async\" width=\"1711\" height=\"2560\" src=\"https:\/\/zarzarzar.com\/wp-content\/uploads\/2024\/06\/P1260131-scaled.jpg\" class=\"asset__image\" alt=\"\" srcset=\"https:\/\/zarzarzar.com\/wp-content\/uploads\/2024\/06\/P1260131-scaled.jpg 1711w, https:\/\/zarzarzar.com\/wp-content\/uploads\/2024\/06\/P1260131-642x960.jpg 642w, https:\/\/zarzarzar.com\/wp-content\/uploads\/2024\/06\/P1260131-963x1440.jpg 963w, https:\/\/zarzarzar.com\/wp-content\/uploads\/2024\/06\/P1260131-361x540.jpg 361w, https:\/\/zarzarzar.com\/wp-content\/uploads\/2024\/06\/P1260131-768x1149.jpg 768w, https:\/\/zarzarzar.com\/wp-content\/uploads\/2024\/06\/P1260131-1027x1536.jpg 1027w, https:\/\/zarzarzar.com\/wp-content\/uploads\/2024\/06\/P1260131-1369x2048.jpg 1369w\" sizes=\"auto, (max-width: 1711px) 100vw, 1711px\" \/>\n<\/div>\n\n          \n<div\n  class=\"asset assets-set__asset assets-set__asset--3\"\n  data-asset\n    >\n\n  <img loading=\"lazy\" decoding=\"async\" width=\"1711\" height=\"2560\" src=\"https:\/\/zarzarzar.com\/wp-content\/uploads\/2024\/06\/P1220178-scaled.jpg\" class=\"asset__image\" alt=\"\" srcset=\"https:\/\/zarzarzar.com\/wp-content\/uploads\/2024\/06\/P1220178-scaled.jpg 1711w, https:\/\/zarzarzar.com\/wp-content\/uploads\/2024\/06\/P1220178-642x960.jpg 642w, https:\/\/zarzarzar.com\/wp-content\/uploads\/2024\/06\/P1220178-963x1440.jpg 963w, https:\/\/zarzarzar.com\/wp-content\/uploads\/2024\/06\/P1220178-361x540.jpg 361w, https:\/\/zarzarzar.com\/wp-content\/uploads\/2024\/06\/P1220178-768x1149.jpg 768w, https:\/\/zarzarzar.com\/wp-content\/uploads\/2024\/06\/P1220178-1027x1536.jpg 1027w, https:\/\/zarzarzar.com\/wp-content\/uploads\/2024\/06\/P1220178-1369x2048.jpg 1369w\" sizes=\"auto, (max-width: 1711px) 100vw, 1711px\" \/>\n<\/div>\n\n          \n<div\n  class=\"asset assets-set__asset assets-set__asset--4\"\n  data-asset\n    >\n\n  <img loading=\"lazy\" decoding=\"async\" width=\"2560\" height=\"1711\" src=\"https:\/\/zarzarzar.com\/wp-content\/uploads\/2024\/06\/P1090942-scaled.jpg\" class=\"asset__image\" alt=\"\" srcset=\"https:\/\/zarzarzar.com\/wp-content\/uploads\/2024\/06\/P1090942-scaled.jpg 2560w, https:\/\/zarzarzar.com\/wp-content\/uploads\/2024\/06\/P1090942-960x642.jpg 960w, https:\/\/zarzarzar.com\/wp-content\/uploads\/2024\/06\/P1090942-1440x963.jpg 1440w, https:\/\/zarzarzar.com\/wp-content\/uploads\/2024\/06\/P1090942-540x361.jpg 540w, https:\/\/zarzarzar.com\/wp-content\/uploads\/2024\/06\/P1090942-768x513.jpg 768w, https:\/\/zarzarzar.com\/wp-content\/uploads\/2024\/06\/P1090942-1536x1027.jpg 1536w, https:\/\/zarzarzar.com\/wp-content\/uploads\/2024\/06\/P1090942-2048x1369.jpg 2048w\" sizes=\"auto, (max-width: 2560px) 100vw, 2560px\" \/>\n<\/div>\n\n                        \n      <\/div>\n    <\/div>\n  <\/div>\n\n\n\n\n<div id=\"assets-carousel-block_69bc105c52139\" class=\"assets-carousel mt-89 mb-86\">\n  <div class=\"assets-carousel__inner\">\n\n          <sp-lide\n      class=\"splide assets-carousel__slider\"\n      id=\"assets-carousel-block_69bc105c52139-splide\"\n      data-splide='{\n        \"type\": \"loop\",\n        \"perPage\": 1,\n        \"autoHeight\": true,\n        \"gap\": 0,\n        \"focus\": \"center\",\n        \"pagination\": false,\n        \"arrows\": true,\n        \"mediaQuery\": \"min\",\n        \"breakpoints\": {\n          \"1180\": {\n            \"arrows\": true\n          }\n        }\n      }'>\n\n        <div class=\"splide__arrows assets-carousel__arrows\">\n          <button class=\"unstyled-button t-16 t-dt-28 splide__arrow splide__arrow--prev assets-carousel__arrow assets-carousel__arrows--prev\">\n            <span class=\"visually-hidden\">Poprzedni slajd<\/span>\n            <span>\n              <svg width=\"15\" height=\"30\" viewBox=\"0 0 15 30\" fill=\"none\" xmlns=\"http:\/\/www.w3.org\/2000\/svg\">\n                <path fill-rule=\"evenodd\" clip-rule=\"evenodd\" d=\"M0.85791 15L15 0.857865V29.1421L0.85791 15Z\" fill=\"black\"\/>\n              <\/svg>\n            <\/span>\n          <\/button>\n          <button class=\"unstyled-button t-16 t-dt-28 splide__arrow splide__arrow--next assets-carousel__arrow assets-carousel__arrows--next\">\n            <span class=\"visually-hidden\">Nast\u0119pny slajd<\/span>\n            <span>\n              <svg width=\"15\" height=\"30\" viewBox=\"0 0 15 30\" fill=\"none\" xmlns=\"http:\/\/www.w3.org\/2000\/svg\">\n                <path fill-rule=\"evenodd\" clip-rule=\"evenodd\" d=\"M14.1421 15L-4.55379e-05 0.857865V29.1421L14.1421 15Z\" fill=\"black\"\/>\n              <\/svg>\n            <\/span>\n          <\/button>\n        <\/div>\n        \n        <div class=\"splide__track\">\n\n          <ul class=\"splide__list unstyled-list assets-carousel__list\">\n\n                          \n              <li class=\"splide__slide assets-carousel__item\">\n                <div class=\"assets-carousel__asset-wrapper container--mob\">\n                  \n<div\n  class=\"asset assets-carousel__asset\"\n  data-asset\n    >\n\n  <img loading=\"lazy\" decoding=\"async\" width=\"2560\" height=\"1742\" src=\"https:\/\/zarzarzar.com\/wp-content\/uploads\/2024\/06\/zar30003-scaled.jpg\" class=\"asset__image\" alt=\"\" sizes=\"auto, (min-width: 1180px) 33vw, 95vw\" srcset=\"https:\/\/zarzarzar.com\/wp-content\/uploads\/2024\/06\/zar30003-scaled.jpg 2560w, https:\/\/zarzarzar.com\/wp-content\/uploads\/2024\/06\/zar30003-960x653.jpg 960w, https:\/\/zarzarzar.com\/wp-content\/uploads\/2024\/06\/zar30003-1440x980.jpg 1440w, https:\/\/zarzarzar.com\/wp-content\/uploads\/2024\/06\/zar30003-540x368.jpg 540w, https:\/\/zarzarzar.com\/wp-content\/uploads\/2024\/06\/zar30003-768x523.jpg 768w, https:\/\/zarzarzar.com\/wp-content\/uploads\/2024\/06\/zar30003-1536x1045.jpg 1536w, https:\/\/zarzarzar.com\/wp-content\/uploads\/2024\/06\/zar30003-2048x1394.jpg 2048w\" \/>\n<\/div>\n                <\/div>\n              <\/li>\n\n                          \n              <li class=\"splide__slide assets-carousel__item\">\n                <div class=\"assets-carousel__asset-wrapper container--mob\">\n                  \n<div\n  class=\"asset assets-carousel__asset\"\n  data-asset\n    >\n\n  <img loading=\"lazy\" decoding=\"async\" width=\"2560\" height=\"1711\" src=\"https:\/\/zarzarzar.com\/wp-content\/uploads\/2024\/06\/P1190254-scaled.jpg\" class=\"asset__image\" alt=\"\" sizes=\"auto, (min-width: 1180px) 33vw, 95vw\" srcset=\"https:\/\/zarzarzar.com\/wp-content\/uploads\/2024\/06\/P1190254-scaled.jpg 2560w, https:\/\/zarzarzar.com\/wp-content\/uploads\/2024\/06\/P1190254-960x642.jpg 960w, https:\/\/zarzarzar.com\/wp-content\/uploads\/2024\/06\/P1190254-1440x963.jpg 1440w, https:\/\/zarzarzar.com\/wp-content\/uploads\/2024\/06\/P1190254-540x361.jpg 540w, https:\/\/zarzarzar.com\/wp-content\/uploads\/2024\/06\/P1190254-768x513.jpg 768w, https:\/\/zarzarzar.com\/wp-content\/uploads\/2024\/06\/P1190254-1536x1027.jpg 1536w, https:\/\/zarzarzar.com\/wp-content\/uploads\/2024\/06\/P1190254-2048x1369.jpg 2048w\" \/>\n<\/div>\n                <\/div>\n              <\/li>\n\n                          \n              <li class=\"splide__slide assets-carousel__item\">\n                <div class=\"assets-carousel__asset-wrapper container--mob\">\n                  \n<div\n  class=\"asset assets-carousel__asset\"\n  data-asset\n    >\n\n  <img loading=\"lazy\" decoding=\"async\" width=\"1711\" height=\"2560\" src=\"https:\/\/zarzarzar.com\/wp-content\/uploads\/2024\/06\/ZarZarZar_P1190174-scaled.jpg\" class=\"asset__image\" alt=\"\" sizes=\"auto, (min-width: 1180px) 33vw, 95vw\" srcset=\"https:\/\/zarzarzar.com\/wp-content\/uploads\/2024\/06\/ZarZarZar_P1190174-scaled.jpg 1711w, https:\/\/zarzarzar.com\/wp-content\/uploads\/2024\/06\/ZarZarZar_P1190174-642x960.jpg 642w, https:\/\/zarzarzar.com\/wp-content\/uploads\/2024\/06\/ZarZarZar_P1190174-963x1440.jpg 963w, https:\/\/zarzarzar.com\/wp-content\/uploads\/2024\/06\/ZarZarZar_P1190174-361x540.jpg 361w, https:\/\/zarzarzar.com\/wp-content\/uploads\/2024\/06\/ZarZarZar_P1190174-768x1149.jpg 768w, https:\/\/zarzarzar.com\/wp-content\/uploads\/2024\/06\/ZarZarZar_P1190174-1027x1536.jpg 1027w, https:\/\/zarzarzar.com\/wp-content\/uploads\/2024\/06\/ZarZarZar_P1190174-1369x2048.jpg 1369w\" \/>\n<\/div>\n                <\/div>\n              <\/li>\n\n                          \n              <li class=\"splide__slide assets-carousel__item\">\n                <div class=\"assets-carousel__asset-wrapper container--mob\">\n                  \n<div\n  class=\"asset assets-carousel__asset\"\n  data-asset\n    >\n\n  <img loading=\"lazy\" decoding=\"async\" width=\"2560\" height=\"1711\" src=\"https:\/\/zarzarzar.com\/wp-content\/uploads\/2024\/06\/P1030214-scaled.jpg\" class=\"asset__image\" alt=\"\" sizes=\"auto, (min-width: 1180px) 33vw, 95vw\" srcset=\"https:\/\/zarzarzar.com\/wp-content\/uploads\/2024\/06\/P1030214-scaled.jpg 2560w, https:\/\/zarzarzar.com\/wp-content\/uploads\/2024\/06\/P1030214-960x642.jpg 960w, https:\/\/zarzarzar.com\/wp-content\/uploads\/2024\/06\/P1030214-1440x963.jpg 1440w, https:\/\/zarzarzar.com\/wp-content\/uploads\/2024\/06\/P1030214-540x361.jpg 540w, https:\/\/zarzarzar.com\/wp-content\/uploads\/2024\/06\/P1030214-768x513.jpg 768w, https:\/\/zarzarzar.com\/wp-content\/uploads\/2024\/06\/P1030214-1536x1027.jpg 1536w, https:\/\/zarzarzar.com\/wp-content\/uploads\/2024\/06\/P1030214-2048x1369.jpg 2048w\" \/>\n<\/div>\n                <\/div>\n              <\/li>\n\n                          \n              <li class=\"splide__slide assets-carousel__item\">\n                <div class=\"assets-carousel__asset-wrapper container--mob\">\n                  \n<div\n  class=\"asset assets-carousel__asset\"\n  data-asset\n    >\n\n  <img loading=\"lazy\" decoding=\"async\" width=\"1711\" height=\"2560\" src=\"https:\/\/zarzarzar.com\/wp-content\/uploads\/2024\/06\/ZarZarZar_P1160736_v2-scaled.jpg\" class=\"asset__image\" alt=\"\" sizes=\"auto, (min-width: 1180px) 33vw, 95vw\" srcset=\"https:\/\/zarzarzar.com\/wp-content\/uploads\/2024\/06\/ZarZarZar_P1160736_v2-scaled.jpg 1711w, https:\/\/zarzarzar.com\/wp-content\/uploads\/2024\/06\/ZarZarZar_P1160736_v2-642x960.jpg 642w, https:\/\/zarzarzar.com\/wp-content\/uploads\/2024\/06\/ZarZarZar_P1160736_v2-963x1440.jpg 963w, https:\/\/zarzarzar.com\/wp-content\/uploads\/2024\/06\/ZarZarZar_P1160736_v2-361x540.jpg 361w, https:\/\/zarzarzar.com\/wp-content\/uploads\/2024\/06\/ZarZarZar_P1160736_v2-768x1149.jpg 768w, https:\/\/zarzarzar.com\/wp-content\/uploads\/2024\/06\/ZarZarZar_P1160736_v2-1027x1536.jpg 1027w, https:\/\/zarzarzar.com\/wp-content\/uploads\/2024\/06\/ZarZarZar_P1160736_v2-1369x2048.jpg 1369w\" \/>\n<\/div>\n                <\/div>\n              <\/li>\n\n                          \n              <li class=\"splide__slide assets-carousel__item\">\n                <div class=\"assets-carousel__asset-wrapper container--mob\">\n                  \n<div\n  class=\"asset assets-carousel__asset\"\n  data-asset\n    >\n\n  <img decoding=\"async\" src=\"https:\/\/zarzarzar.com\/wp-content\/uploads\/2024\/06\/IMG_4330.heic\" class=\"asset__image\" alt=\"\" sizes=\"(min-width: 1180px) 33vw, 95vw\" \/>\n<\/div>\n                <\/div>\n              <\/li>\n\n                      <\/ul>\n\n        <\/div>\n\n      <\/sp-lide>\n    \n  <\/div>\n<\/div>\n\n\n\n<div id=\"text-columns-block_69bc105c5214b\" class=\"text-columns mt-86 mb-86\">\n  <div class=\"text-columns__container container container--no-mw\">\n          <h2 class=\"text-columns__heading fs-16 fs-dt-20 lh-1-2 mb-45 mb-dt-70 upper center\">COLLABORATORS<\/h2>\n    \n          <div class=\"fs-22 fs-dt-35 lh-1-1 font-serif mb-50 mb-dt-70\">\n        Work in progress      <\/div>\n      <\/div>\n\n      <div class=\"text-columns__grid grid container container--no-mw\">\n      \n        <div class=\"text-columns__col\">\n          <div class=\"fs-16 lh-1-2\">\n            <p>\u2014<\/p>\n          <\/div>\n        <\/div>\n\n          <\/div>\n    \n  \n<\/div>\n","protected":false},"excerpt":{"rendered":"","protected":false},"author":2,"featured_media":0,"parent":0,"menu_order":0,"comment_status":"closed","ping_status":"closed","template":"","meta":{"_acf_changed":false,"inline_featured_image":false,"footnotes":""},"class_list":["post-729","page","type-page","status-publish","hentry"],"acf":[],"yoast_head":"<!-- This site is optimized with the Yoast SEO plugin v26.9 - https:\/\/yoast.com\/product\/yoast-seo-wordpress\/ -->\n<title>About - \u017bAR<\/title>\n<meta name=\"robots\" content=\"index, follow, max-snippet:-1, max-image-preview:large, max-video-preview:-1\" \/>\n<link rel=\"canonical\" href=\"https:\/\/zarzarzar.com\/en\/about\/\" \/>\n<meta property=\"og:locale\" content=\"en_US\" \/>\n<meta property=\"og:type\" content=\"article\" \/>\n<meta property=\"og:title\" content=\"About - \u017bAR\" \/>\n<meta property=\"og:url\" content=\"https:\/\/zarzarzar.com\/en\/about\/\" \/>\n<meta property=\"og:site_name\" content=\"\u017bAR\" \/>\n<meta property=\"article:modified_time\" content=\"2026-03-19T15:03:57+00:00\" \/>\n<meta name=\"twitter:card\" content=\"summary_large_image\" \/>\n<script type=\"application\/ld+json\" class=\"yoast-schema-graph\">{\"@context\":\"https:\/\/schema.org\",\"@graph\":[{\"@type\":\"WebPage\",\"@id\":\"https:\/\/zarzarzar.com\/en\/about\/\",\"url\":\"https:\/\/zarzarzar.com\/en\/about\/\",\"name\":\"About - \u017bAR\",\"isPartOf\":{\"@id\":\"https:\/\/zarzarzar.com\/en\/#website\"},\"datePublished\":\"2024-06-11T10:06:26+00:00\",\"dateModified\":\"2026-03-19T15:03:57+00:00\",\"breadcrumb\":{\"@id\":\"https:\/\/zarzarzar.com\/en\/about\/#breadcrumb\"},\"inLanguage\":\"en-US\",\"potentialAction\":[{\"@type\":\"ReadAction\",\"target\":[\"https:\/\/zarzarzar.com\/en\/about\/\"]}]},{\"@type\":\"BreadcrumbList\",\"@id\":\"https:\/\/zarzarzar.com\/en\/about\/#breadcrumb\",\"itemListElement\":[{\"@type\":\"ListItem\",\"position\":1,\"name\":\"Home\",\"item\":\"https:\/\/zarzarzar.com\/en\/\"},{\"@type\":\"ListItem\",\"position\":2,\"name\":\"About\"}]},{\"@type\":\"WebSite\",\"@id\":\"https:\/\/zarzarzar.com\/en\/#website\",\"url\":\"https:\/\/zarzarzar.com\/en\/\",\"name\":\"\u017bAR\",\"description\":\"\",\"potentialAction\":[{\"@type\":\"SearchAction\",\"target\":{\"@type\":\"EntryPoint\",\"urlTemplate\":\"https:\/\/zarzarzar.com\/en\/?s={search_term_string}\"},\"query-input\":{\"@type\":\"PropertyValueSpecification\",\"valueRequired\":true,\"valueName\":\"search_term_string\"}}],\"inLanguage\":\"en-US\"}]}<\/script>\n<!-- \/ Yoast SEO plugin. -->","yoast_head_json":{"title":"About - \u017bAR","robots":{"index":"index","follow":"follow","max-snippet":"max-snippet:-1","max-image-preview":"max-image-preview:large","max-video-preview":"max-video-preview:-1"},"canonical":"https:\/\/zarzarzar.com\/en\/about\/","og_locale":"en_US","og_type":"article","og_title":"About - \u017bAR","og_url":"https:\/\/zarzarzar.com\/en\/about\/","og_site_name":"\u017bAR","article_modified_time":"2026-03-19T15:03:57+00:00","twitter_card":"summary_large_image","schema":{"@context":"https:\/\/schema.org","@graph":[{"@type":"WebPage","@id":"https:\/\/zarzarzar.com\/en\/about\/","url":"https:\/\/zarzarzar.com\/en\/about\/","name":"About - \u017bAR","isPartOf":{"@id":"https:\/\/zarzarzar.com\/en\/#website"},"datePublished":"2024-06-11T10:06:26+00:00","dateModified":"2026-03-19T15:03:57+00:00","breadcrumb":{"@id":"https:\/\/zarzarzar.com\/en\/about\/#breadcrumb"},"inLanguage":"en-US","potentialAction":[{"@type":"ReadAction","target":["https:\/\/zarzarzar.com\/en\/about\/"]}]},{"@type":"BreadcrumbList","@id":"https:\/\/zarzarzar.com\/en\/about\/#breadcrumb","itemListElement":[{"@type":"ListItem","position":1,"name":"Home","item":"https:\/\/zarzarzar.com\/en\/"},{"@type":"ListItem","position":2,"name":"About"}]},{"@type":"WebSite","@id":"https:\/\/zarzarzar.com\/en\/#website","url":"https:\/\/zarzarzar.com\/en\/","name":"\u017bAR","description":"","potentialAction":[{"@type":"SearchAction","target":{"@type":"EntryPoint","urlTemplate":"https:\/\/zarzarzar.com\/en\/?s={search_term_string}"},"query-input":{"@type":"PropertyValueSpecification","valueRequired":true,"valueName":"search_term_string"}}],"inLanguage":"en-US"}]}},"_links":{"self":[{"href":"https:\/\/zarzarzar.com\/en\/wp-json\/wp\/v2\/pages\/729","targetHints":{"allow":["GET"]}}],"collection":[{"href":"https:\/\/zarzarzar.com\/en\/wp-json\/wp\/v2\/pages"}],"about":[{"href":"https:\/\/zarzarzar.com\/en\/wp-json\/wp\/v2\/types\/page"}],"author":[{"embeddable":true,"href":"https:\/\/zarzarzar.com\/en\/wp-json\/wp\/v2\/users\/2"}],"replies":[{"embeddable":true,"href":"https:\/\/zarzarzar.com\/en\/wp-json\/wp\/v2\/comments?post=729"}],"version-history":[{"count":3,"href":"https:\/\/zarzarzar.com\/en\/wp-json\/wp\/v2\/pages\/729\/revisions"}],"predecessor-version":[{"id":886,"href":"https:\/\/zarzarzar.com\/en\/wp-json\/wp\/v2\/pages\/729\/revisions\/886"}],"wp:attachment":[{"href":"https:\/\/zarzarzar.com\/en\/wp-json\/wp\/v2\/media?parent=729"}],"curies":[{"name":"wp","href":"https:\/\/api.w.org\/{rel}","templated":true}]}}