{"id":757,"date":"2025-03-10T15:00:27","date_gmt":"2025-03-10T14:00:27","guid":{"rendered":"https:\/\/zarzarzar.com\/?page_id=757"},"modified":"2026-02-11T13:54:53","modified_gmt":"2026-02-11T12:54:53","slug":"guides","status":"publish","type":"page","link":"https:\/\/zarzarzar.com\/en\/guides\/","title":{"rendered":"Guides"},"content":{"rendered":"\n<style>\n  <\/style>\n\n<div id=\"text-asset-block_698c7c1ca2e26\" class=\"tsa tsa--initial\">\n\n  <div class=\"tsa__inner tsa__inner--initial container container--no-mw\">\n\n    <div class=\"tsa__content rte\">\n\n              <div class=\"tsa__top-text fs-14 mb-60 mb-dt-86\">\n          \u017bAR \u017bAR \u017bAR         <\/div>\n      \n                       <h1 class=\"\n                      font-serif fs-28 fs-dt-55 mb-30 mb-dt-86\n                   \">GUIDE<\/h1>\n              \n              <div class=\"wysiwyg\">\n          <p>1. <a href=\"#ewa-zaprasza\">Ewa Zaprasza Sasino<\/a><br \/>\n2. <a href=\"#nasze-ulubione\">13 Karwi\u0144skie b\u0142ota<\/a><br \/>\n3. <a href=\"#trasa-rowerowa01\">Trasa rowerowa 01<\/a><br \/>\n4. <a href=\"#sklep-warzywniak\">Warzywniak Mario D\u0119bki<\/a><br \/>\n5. More soon.<\/p>\n        <\/div>\n      \n      \n      \n\n    <\/div>\n\n    <div class=\"tsa__asset-wrap\">\n\n      \n<div\n  class=\"asset tsa__asset\"\n  data-asset\n    >\n\n  <img loading=\"lazy\" decoding=\"async\" width=\"1671\" height=\"2500\" src=\"https:\/\/zarzarzar.com\/wp-content\/uploads\/2024\/06\/ZarZarZar_apt5_SM.jpg\" class=\"asset__image\" alt=\"\" srcset=\"https:\/\/zarzarzar.com\/wp-content\/uploads\/2024\/06\/ZarZarZar_apt5_SM.jpg 1671w, https:\/\/zarzarzar.com\/wp-content\/uploads\/2024\/06\/ZarZarZar_apt5_SM-642x960.jpg 642w, https:\/\/zarzarzar.com\/wp-content\/uploads\/2024\/06\/ZarZarZar_apt5_SM-962x1440.jpg 962w, https:\/\/zarzarzar.com\/wp-content\/uploads\/2024\/06\/ZarZarZar_apt5_SM-361x540.jpg 361w, https:\/\/zarzarzar.com\/wp-content\/uploads\/2024\/06\/ZarZarZar_apt5_SM-768x1149.jpg 768w, https:\/\/zarzarzar.com\/wp-content\/uploads\/2024\/06\/ZarZarZar_apt5_SM-1027x1536.jpg 1027w, https:\/\/zarzarzar.com\/wp-content\/uploads\/2024\/06\/ZarZarZar_apt5_SM-1369x2048.jpg 1369w\" sizes=\"auto, (max-width: 1671px) 100vw, 1671px\" \/>\n<\/div>\n\n    <\/div>\n\n  <\/div>\n\n<\/div>\n\n\n\n\n<div class=\"guides mt-70 mt-dt-150 mb-70\" id=\"guides-block_698c7c1ca5f72\" >\n\n  <div class=\"guides__container container container--no-mw\">\n\n    <div class=\"guides__grid\">\n\n      \n        \n          <div class=\"guides__item\"             id=\"ewa-zaprasza\"\n          >\n\n            <div class=\"guides__item-inner\">\n\n                              \n<div\n  class=\"asset guides__item-asset\"\n  data-asset\n    >\n\n  <img loading=\"lazy\" decoding=\"async\" width=\"320\" height=\"240\" src=\"https:\/\/zarzarzar.com\/wp-content\/uploads\/2025\/03\/Ewa-Zaprasza-Sasino.jpeg\" class=\"asset__image\" alt=\"\" \/>\n<\/div>\n              \n              <div class=\"guides__item-text-wrapper\">\n              \n                                  <div class=\"guides__item-title fs-14 fw-300 mb-5\">\n                    Ewa Zaprasza Sasino                  <\/div>\n                \n                                  <h2 class=\"guides__item-heading fs-20 fs-dt-28 lh-dt-1 font-serif mb-10\">\n                    Legendarna restauracja.                   <\/h2>\n                \n                                  <div class=\"guides__item-text fs-16 mb-10\">\n                    Urzeka pysznym jedzeniem i du\u017cymi ogrodami.                  <\/div>\n                \n                <div class=\"guides__item-info-wrapper\">\n\n                                      <h4 class=\"fs-14 fw-300 guides__item-info-h\">\n                      WHAT                    <\/h4>\n                    <div class=\"guides__item-what fs-14 fw-300\">\n                      <p>Gastro<\/p>\n                    <\/div>\n                  \n                                      <h4 class=\"fs-14 fw-300 guides__item-info-h\">\n                      WHERE                    <\/h4>\n                    <div class=\"guides__item-where fs-14 fw-300\">\n                      <p><a href=\"https:\/\/www.google.com\/maps\/place\/Restauracja+Ewa+Zaprasza\/@54.760394,17.756114,17z\/data=!4m6!3m5!1s0x46fdd02ac19c6c5b:0xc8ccdbef9acc8714!8m2!3d54.760394!4d17.756114!16s%2Fg%2F1tk_mzjr?entry=ttu&amp;g_ep=EgoyMDI1MDMwNC4wIKXMDSoASAFQAw%3D%3D\" target=\"_blank\" rel=\"noopener\">Morska 49, 84-210 Sasino, Poland<\/a><\/p>\n                    <\/div>\n                  \n                                      <h4 class=\"fs-14 fw-300 guides__item-info-h\">\n                      INFO                    <\/h4>\n                    <div class=\"guides__item-info fs-14 fw-300\">\n                      <p dir=\"ltr\">Opening Times: All year round<br \/>\nDistance: 26km ~ 27 min by car<\/p>\n                    <\/div>\n                  \n                <\/div>\n\n              <\/div>\n\n            <\/div>\n          \n          <\/div>\n\n        \n          <div class=\"guides__item\"             id=\"nasze-ulubione\"\n          >\n\n            <div class=\"guides__item-inner\">\n\n                              \n<div\n  class=\"asset guides__item-asset\"\n  data-asset\n    >\n\n  \n    <video\n      class=\"asset__video \"\n              autoplay\n        muted\n            loop playsinline\n      poster=\"\">\n      <source src=\"https:\/\/zarzarzar.com\/wp-content\/uploads\/2025\/10\/guides_13_karwinskie.mp4\" type=\"video\/mp4\">\n    <\/video>\n\n      \n  \n<\/div>\n              \n              <div class=\"guides__item-text-wrapper\">\n              \n                                  <div class=\"guides__item-title fs-14 fw-300 mb-5\">\n                    Wej\u015bcie                   <\/div>\n                \n                                  <h2 class=\"guides__item-heading fs-20 fs-dt-28 lh-dt-1 font-serif mb-10\">\n                    13 Karwi\u0144skie b\u0142ota.                  <\/h2>\n                \n                                  <div class=\"guides__item-text fs-16 mb-10\">\n                    Subiektywnie najpi\u0119kniejsza pla\u017ca w tym regionie. Nasze ulubione i najbardziej rekomendowane wej\u015bcie. To dzika pla\u017ca, po\u0142o\u017cona z dala od zgie\u0142ku D\u0119bek. Tutaj sosnowy las, \u0142\u0105czy si\u0119 z pla\u017c\u0105 i le\u017c\u0105c na rozgrzanym piachu da si\u0119 s\u0142ysze\u0107 zar\u00f3wno szum morza jak i \u015bpiew ptak\u00f3w. Bardzo szeroki, piaszczysty brzeg, pozwala na \u0142atwe rozproszenie si\u0119 a co za tym idzie, spok\u00f3j i cisz\u0119 nawet w najwy\u017cszym sezonie.<br \/>\r\n<br \/>\r\n\u0141atwo dost\u0119pne \u2013 przyjemny po\u0142o\u017cony w lesie parking pozwala \u0142atwo przetransportowa\u0107 si\u0119 na pla\u017c\u0119 z dzie\u0107mi i bametlami.                  <\/div>\n                \n                <div class=\"guides__item-info-wrapper\">\n\n                                      <h4 class=\"fs-14 fw-300 guides__item-info-h\">\n                      WHAT                    <\/h4>\n                    <div class=\"guides__item-what fs-14 fw-300\">\n                      <p>Beach<\/p>\n                    <\/div>\n                  \n                                      <h4 class=\"fs-14 fw-300 guides__item-info-h\">\n                      WHERE                    <\/h4>\n                    <div class=\"guides__item-where fs-14 fw-300\">\n                      <p><a href=\"https:\/\/maps.app.goo.gl\/bknJjMPgnTgqXUbVA\" target=\"_blank\" rel=\"noopener\">Pla\u017ca 13 &#8211; Karwie\u0144skie B\u0142ota<\/a><\/p>\n                    <\/div>\n                  \n                                      <h4 class=\"fs-14 fw-300 guides__item-info-h\">\n                      INFO                    <\/h4>\n                    <div class=\"guides__item-info fs-14 fw-300\">\n                      <p>Opening Times: All year round<br \/>\nDistance: 10km 12 min by car<\/p>\n                    <\/div>\n                  \n                <\/div>\n\n              <\/div>\n\n            <\/div>\n          \n          <\/div>\n\n        \n          <div class=\"guides__item\"             id=\"trasa-rowerowa01\"\n          >\n\n            <div class=\"guides__item-inner\">\n\n                              \n<div\n  class=\"asset guides__item-asset\"\n  data-asset\n    >\n\n  <img loading=\"lazy\" decoding=\"async\" width=\"427\" height=\"640\" src=\"https:\/\/zarzarzar.com\/wp-content\/uploads\/2025\/03\/Trasa.png\" class=\"asset__image\" alt=\"\" srcset=\"https:\/\/zarzarzar.com\/wp-content\/uploads\/2025\/03\/Trasa.png 427w, https:\/\/zarzarzar.com\/wp-content\/uploads\/2025\/03\/Trasa-360x540.png 360w\" sizes=\"auto, (max-width: 427px) 100vw, 427px\" \/>\n<\/div>\n              \n              <div class=\"guides__item-text-wrapper\">\n              \n                                  <div class=\"guides__item-title fs-14 fw-300 mb-5\">\n                    Trasy || Routes                  <\/div>\n                \n                                  <h2 class=\"guides__item-heading fs-20 fs-dt-28 lh-dt-1 font-serif mb-10\">\n                    Trasa samochodowo\/ rowerowa \u017bAR \u2013 D\u0119bki                  <\/h2>\n                \n                                  <div class=\"guides__item-text fs-16 mb-10\">\n                    Nasz ulubiony dojazd do D\u0119bek i Karwi\u0144skich B\u0142ot. Polna \u015bcie\u017cka prowadzi wzd\u0142u\u017c terenu \u017baru a nast\u0119pnie poprzez pola i \u0142agodne pag\u00f3rki. To bardzo pi\u0119kna, piaszczysta trasa \u2013 kt\u00f3ra \u0142\u0105czy si\u0119 z g\u0142\u00f3wn\u0105 drog\u0105 do D\u0119bek na wysoko\u015bci \u0141\u0105k Pia\u015bnickich \u2013 Natura 2000. polecana dla tych kt\u00f3rzy nie boj\u0105 si\u0119 nie spieszy\u0107. Rekomendujemy nie wybiera\u0107 si\u0119 tam samochodami o zbyt niskim zawieszeniu.<br \/>\r\n<br \/>\r\nPolecamy tras\u0119 rowerow\u0105 prowadz\u0105c\u0105 przez przepompowni\u0119.                  <\/div>\n                \n                <div class=\"guides__item-info-wrapper\">\n\n                                      <h4 class=\"fs-14 fw-300 guides__item-info-h\">\n                      WHAT                    <\/h4>\n                    <div class=\"guides__item-what fs-14 fw-300\">\n                      <p dir=\"ltr\">Routes<\/p>\n                    <\/div>\n                  \n                                      <h4 class=\"fs-14 fw-300 guides__item-info-h\">\n                      WHERE                    <\/h4>\n                    <div class=\"guides__item-where fs-14 fw-300\">\n                      <p><a href=\"https:\/\/www.google.com\/maps\/dir\/Dworek+w+\u017barnowcu,+Klasztorna+5,+84-110+\u017barnowiec\/54.8136363,18.0879519\/54.8316953,18.1236522\/@54.7980001,18.0761374,2756m\/data=!3m1!1e3!4m15!4m14!1m10!1m1!1s0x46fdcb8e6bd59bfd:0x8c75a00b67eaf446!2m2!1d18.0821215!2d54.7884355!3m4!1m2!1d18.082793!2d54.7971733!3s0x46fdcb86ef288195:0x5c8497260717efb3!1m0!1m0!3e1!5m1!1e1?entry=ttu&amp;g_ep=EgoyMDI1MDMwNC4wIKXMDSoASAFQAw%3D%3D\" target=\"_blank\" rel=\"noopener\">Zobacz Tras\u0119<\/a><\/p>\n                    <\/div>\n                  \n                                      <h4 class=\"fs-14 fw-300 guides__item-info-h\">\n                      INFO                    <\/h4>\n                    <div class=\"guides__item-info fs-14 fw-300\">\n                      <p>7.9 km ~ 25min<\/p>\n                    <\/div>\n                  \n                <\/div>\n\n              <\/div>\n\n            <\/div>\n          \n          <\/div>\n\n        \n          <div class=\"guides__item\"             id=\"sklep-warzywniak\"\n          >\n\n            <div class=\"guides__item-inner\">\n\n                              \n<div\n  class=\"asset guides__item-asset\"\n  data-asset\n    >\n\n  <img loading=\"lazy\" decoding=\"async\" width=\"481\" height=\"530\" src=\"https:\/\/zarzarzar.com\/wp-content\/uploads\/2025\/03\/Mario.png\" class=\"asset__image\" alt=\"\" \/>\n<\/div>\n              \n              <div class=\"guides__item-text-wrapper\">\n              \n                                  <div class=\"guides__item-title fs-14 fw-300 mb-5\">\n                    Sklep                  <\/div>\n                \n                                  <h2 class=\"guides__item-heading fs-20 fs-dt-28 lh-dt-1 font-serif mb-10\">\n                    Warzywniak Mario D\u0119bki                  <\/h2>\n                \n                                  <div class=\"guides__item-text fs-16 mb-10\">\n                    Najbli\u017cszy lokalny warzywniak, z dobrymi produktami i selekcj\u0105 pysznych ryb.                   <\/div>\n                \n                <div class=\"guides__item-info-wrapper\">\n\n                                      <h4 class=\"fs-14 fw-300 guides__item-info-h\">\n                      WHAT                    <\/h4>\n                    <div class=\"guides__item-what fs-14 fw-300\">\n                      <p>Sklep<\/p>\n                    <\/div>\n                  \n                                      <h4 class=\"fs-14 fw-300 guides__item-info-h\">\n                      WHERE                    <\/h4>\n                    <div class=\"guides__item-where fs-14 fw-300\">\n                      <p><a href=\"https:\/\/maps.app.goo.gl\/tGDoBuTFL38yhSAB8\" target=\"_blank\" rel=\"noopener\">Spacerowa 71, 84-110 D\u0119bki<\/a><\/p>\n                    <\/div>\n                  \n                                      <h4 class=\"fs-14 fw-300 guides__item-info-h\">\n                      INFO                    <\/h4>\n                    <div class=\"guides__item-info fs-14 fw-300\">\n                      <p>Otwarty sezonowo.<\/p>\n                    <\/div>\n                  \n                <\/div>\n\n              <\/div>\n\n            <\/div>\n          \n          <\/div>\n\n              \n    <\/div>\n  \n  <\/div>\n\n<\/div>\n","protected":false},"excerpt":{"rendered":"","protected":false},"author":3,"featured_media":0,"parent":0,"menu_order":0,"comment_status":"closed","ping_status":"closed","template":"","meta":{"_acf_changed":false,"inline_featured_image":false,"footnotes":""},"class_list":["post-757","page","type-page","status-publish","hentry"],"acf":[],"yoast_head":"<!-- This site is optimized with the Yoast SEO plugin v26.9 - https:\/\/yoast.com\/product\/yoast-seo-wordpress\/ -->\n<title>Guides - \u017bAR<\/title>\n<meta name=\"robots\" content=\"index, follow, max-snippet:-1, max-image-preview:large, max-video-preview:-1\" \/>\n<link rel=\"canonical\" href=\"https:\/\/zarzarzar.com\/en\/guides\/\" \/>\n<meta property=\"og:locale\" content=\"en_US\" \/>\n<meta property=\"og:type\" content=\"article\" \/>\n<meta property=\"og:title\" content=\"Guides - \u017bAR\" \/>\n<meta property=\"og:url\" content=\"https:\/\/zarzarzar.com\/en\/guides\/\" \/>\n<meta property=\"og:site_name\" content=\"\u017bAR\" \/>\n<meta property=\"article:modified_time\" content=\"2026-02-11T12:54:53+00:00\" \/>\n<meta name=\"twitter:card\" content=\"summary_large_image\" \/>\n<script type=\"application\/ld+json\" class=\"yoast-schema-graph\">{\"@context\":\"https:\/\/schema.org\",\"@graph\":[{\"@type\":\"WebPage\",\"@id\":\"https:\/\/zarzarzar.com\/en\/guides\/\",\"url\":\"https:\/\/zarzarzar.com\/en\/guides\/\",\"name\":\"Guides - \u017bAR\",\"isPartOf\":{\"@id\":\"https:\/\/zarzarzar.com\/en\/#website\"},\"datePublished\":\"2025-03-10T14:00:27+00:00\",\"dateModified\":\"2026-02-11T12:54:53+00:00\",\"breadcrumb\":{\"@id\":\"https:\/\/zarzarzar.com\/en\/guides\/#breadcrumb\"},\"inLanguage\":\"en-US\",\"potentialAction\":[{\"@type\":\"ReadAction\",\"target\":[\"https:\/\/zarzarzar.com\/en\/guides\/\"]}]},{\"@type\":\"BreadcrumbList\",\"@id\":\"https:\/\/zarzarzar.com\/en\/guides\/#breadcrumb\",\"itemListElement\":[{\"@type\":\"ListItem\",\"position\":1,\"name\":\"Home\",\"item\":\"https:\/\/zarzarzar.com\/en\/\"},{\"@type\":\"ListItem\",\"position\":2,\"name\":\"Guides\"}]},{\"@type\":\"WebSite\",\"@id\":\"https:\/\/zarzarzar.com\/en\/#website\",\"url\":\"https:\/\/zarzarzar.com\/en\/\",\"name\":\"\u017bAR\",\"description\":\"\",\"potentialAction\":[{\"@type\":\"SearchAction\",\"target\":{\"@type\":\"EntryPoint\",\"urlTemplate\":\"https:\/\/zarzarzar.com\/en\/?s={search_term_string}\"},\"query-input\":{\"@type\":\"PropertyValueSpecification\",\"valueRequired\":true,\"valueName\":\"search_term_string\"}}],\"inLanguage\":\"en-US\"}]}<\/script>\n<!-- \/ Yoast SEO plugin. -->","yoast_head_json":{"title":"Guides - \u017bAR","robots":{"index":"index","follow":"follow","max-snippet":"max-snippet:-1","max-image-preview":"max-image-preview:large","max-video-preview":"max-video-preview:-1"},"canonical":"https:\/\/zarzarzar.com\/en\/guides\/","og_locale":"en_US","og_type":"article","og_title":"Guides - \u017bAR","og_url":"https:\/\/zarzarzar.com\/en\/guides\/","og_site_name":"\u017bAR","article_modified_time":"2026-02-11T12:54:53+00:00","twitter_card":"summary_large_image","schema":{"@context":"https:\/\/schema.org","@graph":[{"@type":"WebPage","@id":"https:\/\/zarzarzar.com\/en\/guides\/","url":"https:\/\/zarzarzar.com\/en\/guides\/","name":"Guides - \u017bAR","isPartOf":{"@id":"https:\/\/zarzarzar.com\/en\/#website"},"datePublished":"2025-03-10T14:00:27+00:00","dateModified":"2026-02-11T12:54:53+00:00","breadcrumb":{"@id":"https:\/\/zarzarzar.com\/en\/guides\/#breadcrumb"},"inLanguage":"en-US","potentialAction":[{"@type":"ReadAction","target":["https:\/\/zarzarzar.com\/en\/guides\/"]}]},{"@type":"BreadcrumbList","@id":"https:\/\/zarzarzar.com\/en\/guides\/#breadcrumb","itemListElement":[{"@type":"ListItem","position":1,"name":"Home","item":"https:\/\/zarzarzar.com\/en\/"},{"@type":"ListItem","position":2,"name":"Guides"}]},{"@type":"WebSite","@id":"https:\/\/zarzarzar.com\/en\/#website","url":"https:\/\/zarzarzar.com\/en\/","name":"\u017bAR","description":"","potentialAction":[{"@type":"SearchAction","target":{"@type":"EntryPoint","urlTemplate":"https:\/\/zarzarzar.com\/en\/?s={search_term_string}"},"query-input":{"@type":"PropertyValueSpecification","valueRequired":true,"valueName":"search_term_string"}}],"inLanguage":"en-US"}]}},"_links":{"self":[{"href":"https:\/\/zarzarzar.com\/en\/wp-json\/wp\/v2\/pages\/757","targetHints":{"allow":["GET"]}}],"collection":[{"href":"https:\/\/zarzarzar.com\/en\/wp-json\/wp\/v2\/pages"}],"about":[{"href":"https:\/\/zarzarzar.com\/en\/wp-json\/wp\/v2\/types\/page"}],"author":[{"embeddable":true,"href":"https:\/\/zarzarzar.com\/en\/wp-json\/wp\/v2\/users\/3"}],"replies":[{"embeddable":true,"href":"https:\/\/zarzarzar.com\/en\/wp-json\/wp\/v2\/comments?post=757"}],"version-history":[{"count":2,"href":"https:\/\/zarzarzar.com\/en\/wp-json\/wp\/v2\/pages\/757\/revisions"}],"predecessor-version":[{"id":874,"href":"https:\/\/zarzarzar.com\/en\/wp-json\/wp\/v2\/pages\/757\/revisions\/874"}],"wp:attachment":[{"href":"https:\/\/zarzarzar.com\/en\/wp-json\/wp\/v2\/media?parent=757"}],"curies":[{"name":"wp","href":"https:\/\/api.w.org\/{rel}","templated":true}]}}